{"id":370,"date":"2026-02-11T17:55:29","date_gmt":"2026-02-11T17:55:29","guid":{"rendered":"https:\/\/tv-treffelhausen.de\/?page_id=370"},"modified":"2026-03-10T15:16:12","modified_gmt":"2026-03-10T15:16:12","slug":"leichtathletik-kinderturnen","status":"publish","type":"page","link":"https:\/\/tv-treffelhausen.de\/?page_id=370","title":{"rendered":"Kinderturnen\/ Leichtathletik"},"content":{"rendered":"\n<div class=\"wp-block-group alignfull has-global-padding is-layout-constrained wp-block-group-is-layout-constrained\" style=\"margin-top:var(--wp--preset--spacing--30)\">\n<p class=\"has-text-align-center\">Wir haben unsere Abteilung Kinderturnen und Leichtathletik in verschiedene Gruppen aufgeteilt, um altersgerecht mit den Kindern zu trainieren:<\/p>\n\n\n\n<div class=\"wp-block-group alignwide is-layout-grid wp-container-core-group-is-layout-cd445686 wp-block-group-is-layout-grid\" style=\"margin-top:var(--wp--preset--spacing--50)\">\n<div class=\"wp-block-group has-global-padding is-layout-constrained wp-block-group-is-layout-constrained\">\n<p class=\"has-text-align-center\"><strong>Eltern-Kind-Turnen<\/strong><\/p>\n\n\n\n<div class=\"wp-block-buttons is-content-justification-center is-layout-flex wp-container-core-buttons-is-layout-066f2903 wp-block-buttons-is-layout-flex\" style=\"margin-bottom:0\">\n<div class=\"wp-block-button\"><a class=\"wp-block-button__link wp-element-button\" href=\"#haesla\"><strong>H\u00e4sla (1,5 bis 3 Jahre)<\/strong><\/a><\/div>\n<\/div>\n\n\n\n<div style=\"height:20px\" aria-hidden=\"true\" class=\"wp-block-spacer\"><\/div>\n<\/div>\n\n\n\n<div class=\"wp-block-group wp-container-content-9c9c1481 has-global-padding is-layout-constrained wp-block-group-is-layout-constrained\">\n<p class=\"has-text-align-center\"><strong>Kinderturnen<\/strong><\/p>\n\n\n\n<div class=\"wp-block-buttons is-content-justification-center is-layout-flex wp-container-core-buttons-is-layout-066f2903 wp-block-buttons-is-layout-flex\" style=\"margin-bottom:0\">\n<div class=\"wp-block-button\"><a class=\"wp-block-button__link wp-element-button\" href=\"#fuechsla\"><strong>F\u00fcchsla (4 bis 5 Jahre)<\/strong><\/a><\/div>\n\n\n\n<div class=\"wp-block-button\"><a class=\"wp-block-button__link wp-element-button\" href=\"#tiger\"><strong>Tiger (5 bis 6 Jahre)<\/strong><\/a><\/div>\n\n\n\n<div class=\"wp-block-button\"><a class=\"wp-block-button__link wp-element-button\" href=\"#luchse\"><strong>Luchse (Klasse 1 bis 2)<\/strong><\/a><\/div>\n<\/div>\n\n\n\n<div style=\"height:20px\" aria-hidden=\"true\" class=\"wp-block-spacer\"><\/div>\n<\/div>\n\n\n\n<div class=\"wp-block-group wp-container-content-9c9c1481 has-global-padding is-layout-constrained wp-block-group-is-layout-constrained\">\n<p class=\"has-text-align-center\"><strong>Leichtathletik<\/strong><\/p>\n\n\n\n<div class=\"wp-block-buttons is-content-justification-center is-layout-flex wp-container-core-buttons-is-layout-a89b3969 wp-block-buttons-is-layout-flex\">\n<div class=\"wp-block-button\"><a class=\"wp-block-button__link wp-element-button\" href=\"#woelfe\"><strong>W\u00f6lfe (ab 3. Klasse)<\/strong><\/a><\/div>\n<\/div>\n\n\n\n<div style=\"height:20px\" aria-hidden=\"true\" class=\"wp-block-spacer\"><\/div>\n<\/div>\n<\/div>\n<\/div>\n\n\n\n<div class=\"wp-block-group alignfull has-global-padding is-layout-constrained wp-container-core-group-is-layout-f611be13 wp-block-group-is-layout-constrained\" style=\"padding-top:var(--wp--preset--spacing--50);padding-right:var(--wp--preset--spacing--50);padding-bottom:var(--wp--preset--spacing--50);padding-left:var(--wp--preset--spacing--50)\">\n<div class=\"wp-block-group alignfull has-base-2-background-color has-background has-global-padding is-layout-constrained wp-container-core-group-is-layout-a6b33751 wp-block-group-is-layout-constrained\" style=\"border-top-left-radius:0px;border-top-right-radius:0px;border-bottom-left-radius:0px;border-bottom-right-radius:0px;margin-top:0;margin-bottom:0;padding-top:var(--wp--preset--spacing--50);padding-right:var(--wp--preset--spacing--50);padding-bottom:var(--wp--preset--spacing--50);padding-left:var(--wp--preset--spacing--50)\">\n<p><strong>Infos<\/strong><\/p>\n\n\n\n<p>Die Kinder k\u00f6nnen jederzeit ins Turnen oder in die Leichtathletik einsteigen (vorausausgesetzt die maximale Teilnehmerzahl l\u00e4sst das zu) und wir freuen uns \u00fcber interessierte Kinder, die zum Schnuppern k\u00f6nnen m\u00f6chten.<\/p>\n\n\n\n<div style=\"height:20px\" aria-hidden=\"true\" class=\"wp-block-spacer\"><\/div>\n\n\n\n<p><strong>Leitung der Abteilung (Oberturnwart)<\/strong><\/p>\n\n\n\n<p>Stefan Zanker<\/p>\n<\/div>\n<\/div>\n\n\n\n<div class=\"wp-block-group alignfull has-base-2-background-color has-background has-global-padding is-layout-constrained wp-container-core-group-is-layout-176e1711 wp-block-group-is-layout-constrained\" id=\"haesla\" style=\"border-top-left-radius:0px;border-top-right-radius:0px;border-bottom-left-radius:0px;border-bottom-right-radius:0px;margin-top:0;margin-bottom:var(--wp--preset--spacing--50);padding-top:var(--wp--preset--spacing--50);padding-right:var(--wp--preset--spacing--50);padding-bottom:var(--wp--preset--spacing--50);padding-left:var(--wp--preset--spacing--50)\">\n<h2 class=\"wp-block-heading has-text-align-center\">H\u00e4sla<\/h2>\n\n\n\n<p class=\"has-text-align-center\">Eltern-Kind-Turnen (1,5 &#8211; 3 Jahre)<\/p>\n\n\n\n<div class=\"wp-block-group has-border-color has-custom-blau-border-color has-global-padding is-content-justification-center is-layout-constrained wp-container-core-group-is-layout-1b3afd6e wp-block-group-is-layout-constrained\" style=\"border-width:3px;border-top-left-radius:16px;border-top-right-radius:16px;border-bottom-left-radius:16px;border-bottom-right-radius:16px;min-height:0px;margin-top:var(--wp--preset--spacing--40);margin-bottom:0;padding-top:var(--wp--preset--spacing--20);padding-right:var(--wp--preset--spacing--30);padding-bottom:var(--wp--preset--spacing--20);padding-left:var(--wp--preset--spacing--30);box-shadow:var(--wp--preset--shadow--natural)\">\n<p class=\"has-text-align-center\"><em><strong>Trainingszeiten<\/strong><\/em><\/p>\n\n\n\n<p class=\"has-text-align-center\"><em>Mittwochs 15:00 Uhr bis 16:00 Uhr in der Roggentalhalle. \u00dcbungsleiter sind Laura Edelmann, Tamara Kaiser und Madeleine Kr\u00f6ner<\/em><\/p>\n<\/div>\n\n\n\n<div class=\"wp-block-group alignwide is-layout-flow wp-block-group-is-layout-flow\" style=\"padding-top:var(--wp--preset--spacing--40);padding-right:var(--wp--preset--spacing--50);padding-bottom:0;padding-left:var(--wp--preset--spacing--50)\">\n<p>Im Eltern-Kind-Turnen k\u00f6nnen unsere Kleinsten zusammen mit Mama, Papa, Opa, oder Oma die ersten Erfahrungen in der Turnhalle sammeln. Unsere Kinder krabbeln durch Stofftunnel oder kriechen \u00fcber B\u00e4nke. Auch Springen, H\u00fcpfen und Klettern steht jede Woche auf unserem Programm. So werden spielerisch der Gleichgewichtssinn sowie die motorischen und koordinativen F\u00e4higkeiten geschult. Unsere \u00dcbungsleiter lassen sich immer wieder neue Spiele und Parcours einfallen, so dass es f\u00fcr die Kleinsten nie langweilig wird. Die fr\u00fchkindliche Bewegungsf\u00f6rderung ist sehr wichtig. Das zeigen auch die neuesten Erkenntnisse der Sportwissenschaft. So haben Kinder, die sich h\u00e4ufig bewegen deutlich weniger Unf\u00e4lle im Alltag. Au\u00dferdem k\u00f6nnen sich die Kinder in der beh\u00fcteten und sicheren Turnhalle ausprobieren, sowie ihre Grenzen kennenlernen und auch \u00fcberwinden. Zusammen mit den Eltern oder Gro\u00dfeltern wird durch den Einsatz der unterschiedlichsten Ger\u00e4te und Spielmaterialien der Bewegungsanreiz und das Vertrauen in die eigenen F\u00e4higkeiten gef\u00f6rdert. Nat\u00fcrlich geh\u00f6ren zum w\u00f6chentlichen Ablauf auch Sing- und Fangspiele dazu. Wiederkehrende Rituale, von Erwachsenen vielleicht bel\u00e4chelt, sind etwas was Kinder in diesem Alter lieben, sie aber auch in Ihrer Entwicklung voranbringt. Ganz nebenbei entstehen auch Freundschaften zwischen den Kindern, die sehr wertvoll sind. Nat\u00fcrlich gibt es bei uns auch dar\u00fcber hinaus immer wieder kleine besondere Ereignisse f\u00fcr unsere Kinder, wie zum Beispiel Laternenlaufen, der Besuch des Nikolauses oder ein Sommergrillfest.<\/p>\n<\/div>\n<\/div>\n\n\n\n<div class=\"wp-block-group alignfull has-base-2-background-color has-background has-global-padding is-layout-constrained wp-container-core-group-is-layout-82ff2085 wp-block-group-is-layout-constrained\" id=\"fuechsla\" style=\"margin-bottom:var(--wp--preset--spacing--50);padding-top:var(--wp--preset--spacing--50);padding-right:var(--wp--preset--spacing--50);padding-bottom:var(--wp--preset--spacing--50);padding-left:var(--wp--preset--spacing--50)\">\n<div class=\"wp-block-group alignfull has-global-padding is-layout-constrained wp-container-core-group-is-layout-f78cdd21 wp-block-group-is-layout-constrained\" style=\"border-top-left-radius:0px;border-top-right-radius:0px;border-bottom-left-radius:0px;border-bottom-right-radius:0px;margin-top:0;margin-bottom:0;padding-top:0;padding-right:var(--wp--preset--spacing--50);padding-bottom:0;padding-left:var(--wp--preset--spacing--50)\">\n<h2 class=\"wp-block-heading has-text-align-center\">F\u00fcchsla<\/h2>\n\n\n\n<p class=\"has-text-align-center\">Kinderturnen (4 &#8211; 5 Jahre)<\/p>\n\n\n\n<div class=\"wp-block-group has-border-color has-custom-blau-border-color has-global-padding is-content-justification-center is-layout-constrained wp-container-core-group-is-layout-1b3afd6e wp-block-group-is-layout-constrained\" style=\"border-width:3px;border-top-left-radius:16px;border-top-right-radius:16px;border-bottom-left-radius:16px;border-bottom-right-radius:16px;min-height:0px;margin-top:var(--wp--preset--spacing--40);margin-bottom:0;padding-top:var(--wp--preset--spacing--20);padding-right:var(--wp--preset--spacing--30);padding-bottom:var(--wp--preset--spacing--20);padding-left:var(--wp--preset--spacing--30);box-shadow:var(--wp--preset--shadow--natural)\">\n<p class=\"has-text-align-center\"><em><strong>Trainingszeiten<\/strong><\/em><\/p>\n\n\n\n<p class=\"has-text-align-center\"><em>Mittwochs von 16:15 Uhr bis 17:15 Uhr in der Roggentalhalle. \u00dcbungsleiter sind Steffi Kaiser und Sarah Zanker<\/em><\/p>\n<\/div>\n\n\n\n<div class=\"wp-block-group alignwide is-layout-flow wp-block-group-is-layout-flow\" style=\"padding-top:var(--wp--preset--spacing--40);padding-right:var(--wp--preset--spacing--50);padding-bottom:0;padding-left:var(--wp--preset--spacing--50)\">\n<p>Kinderturnen weckt Freude an der Bewegung und f\u00f6rdert spielerisch den Gleichgewichtssinn, sowie die motorischen und koordinativen F\u00e4higkeiten. Geschult werden Gleichgewicht, Beweglichkeit, Rhythmusf\u00e4higkeit und Reaktionsf\u00e4higkeit \u2013 kurz gesagt: Kinderturnen bringt die Kinder in Schwung, st\u00e4rkt die Leistungsf\u00e4higkeit, gibt Selbstvertrauen, f\u00f6rdert den Zusammenhalt im Team und nat\u00fcrlich auch die Entstehung von Freundschaften. Nat\u00fcrlich d\u00fcrfen hier Spiele auch nicht fehlen, denn unser Ziel ist es, den Kindern Spa\u00df und Freude am Sport zu vermitteln und sie zu einem lebenslangen Sporttreiben zu animieren. Ab dem Grundschulturnen (3. und 4. Klasse\/W\u00f6lfe) wird dann der Schwerpunkt auf die Leichtathletik gelegt.<\/p>\n<\/div>\n<\/div>\n<\/div>\n\n\n\n<div class=\"wp-block-group alignfull has-base-2-background-color has-background has-global-padding is-layout-constrained wp-container-core-group-is-layout-82ff2085 wp-block-group-is-layout-constrained\" id=\"tiger\" style=\"margin-bottom:var(--wp--preset--spacing--50);padding-top:var(--wp--preset--spacing--50);padding-right:var(--wp--preset--spacing--50);padding-bottom:var(--wp--preset--spacing--50);padding-left:var(--wp--preset--spacing--50)\">\n<div class=\"wp-block-group alignfull has-global-padding is-layout-constrained wp-container-core-group-is-layout-f78cdd21 wp-block-group-is-layout-constrained\" style=\"border-top-left-radius:0px;border-top-right-radius:0px;border-bottom-left-radius:0px;border-bottom-right-radius:0px;margin-top:0;margin-bottom:0;padding-top:0;padding-right:var(--wp--preset--spacing--50);padding-bottom:0;padding-left:var(--wp--preset--spacing--50)\">\n<h2 class=\"wp-block-heading has-text-align-center\">Tiger<\/h2>\n\n\n\n<p class=\"has-text-align-center\">Kinderturnen (5 &#8211; 6 Jahre)<\/p>\n\n\n\n<div class=\"wp-block-group has-border-color has-custom-blau-border-color has-global-padding is-content-justification-center is-layout-constrained wp-container-core-group-is-layout-1b3afd6e wp-block-group-is-layout-constrained\" style=\"border-width:3px;border-top-left-radius:16px;border-top-right-radius:16px;border-bottom-left-radius:16px;border-bottom-right-radius:16px;min-height:0px;margin-top:var(--wp--preset--spacing--40);margin-bottom:0;padding-top:var(--wp--preset--spacing--20);padding-right:var(--wp--preset--spacing--30);padding-bottom:var(--wp--preset--spacing--20);padding-left:var(--wp--preset--spacing--30);box-shadow:var(--wp--preset--shadow--natural)\">\n<p class=\"has-text-align-center\"><em><strong>Trainingszeiten<\/strong><\/em><\/p>\n\n\n\n<p class=\"has-text-align-center\"><em>Donnerstags von 16:15 Uhr bis 17:15 Uhr in der Roggentalhalle. \u00dcbungsleiter sind Claudia H\u00fcbner und Cora M\u00fchlberger<\/em><\/p>\n<\/div>\n\n\n\n<div class=\"wp-block-group alignwide is-layout-flow wp-block-group-is-layout-flow\" style=\"padding-top:var(--wp--preset--spacing--40);padding-right:var(--wp--preset--spacing--50);padding-bottom:0;padding-left:var(--wp--preset--spacing--50)\">\n<p>Kinderturnen weckt Freude an der Bewegung und f\u00f6rdert spielerisch den Gleichgewichtssinn, sowie die motorischen und koordinativen F\u00e4higkeiten. Geschult werden Gleichgewicht, Beweglichkeit, Rhythmusf\u00e4higkeit und Reaktionsf\u00e4higkeit \u2013 kurz gesagt: Kinderturnen bringt die Kinder in Schwung, st\u00e4rkt die Leistungsf\u00e4higkeit, gibt Selbstvertrauen, f\u00f6rdert den Zusammenhalt im Team und nat\u00fcrlich auch die Entstehung von Freundschaften. Nat\u00fcrlich d\u00fcrfen hier Spiele auch nicht fehlen, denn unser Ziel ist es, den Kindern Spa\u00df und Freude am Sport zu vermitteln und sie zu einem lebenslangen Sporttreiben zu animieren. Ab dem Grundschulturnen (3. und 4. Klasse\/W\u00f6lfe) wird dann der Schwerpunkt auf die Leichtathletik gelegt.<\/p>\n<\/div>\n<\/div>\n<\/div>\n\n\n\n<div class=\"wp-block-group alignfull has-base-2-background-color has-background has-global-padding is-layout-constrained wp-container-core-group-is-layout-82ff2085 wp-block-group-is-layout-constrained\" id=\"luchse\" style=\"margin-bottom:var(--wp--preset--spacing--50);padding-top:var(--wp--preset--spacing--50);padding-right:var(--wp--preset--spacing--50);padding-bottom:var(--wp--preset--spacing--50);padding-left:var(--wp--preset--spacing--50)\">\n<div class=\"wp-block-group alignfull has-global-padding is-layout-constrained wp-container-core-group-is-layout-f78cdd21 wp-block-group-is-layout-constrained\" style=\"border-top-left-radius:0px;border-top-right-radius:0px;border-bottom-left-radius:0px;border-bottom-right-radius:0px;margin-top:0;margin-bottom:0;padding-top:0;padding-right:var(--wp--preset--spacing--50);padding-bottom:0;padding-left:var(--wp--preset--spacing--50)\">\n<h2 class=\"wp-block-heading has-text-align-center\">Luchse<\/h2>\n\n\n\n<p class=\"has-text-align-center\">Kinderturnen (Klasse 1 bis 2)<\/p>\n\n\n\n<div class=\"wp-block-group has-border-color has-custom-blau-border-color has-global-padding is-content-justification-center is-layout-constrained wp-container-core-group-is-layout-1b3afd6e wp-block-group-is-layout-constrained\" style=\"border-width:3px;border-top-left-radius:16px;border-top-right-radius:16px;border-bottom-left-radius:16px;border-bottom-right-radius:16px;min-height:0px;margin-top:var(--wp--preset--spacing--40);margin-bottom:0;padding-top:var(--wp--preset--spacing--20);padding-right:var(--wp--preset--spacing--30);padding-bottom:var(--wp--preset--spacing--20);padding-left:var(--wp--preset--spacing--30);box-shadow:var(--wp--preset--shadow--natural)\">\n<p class=\"has-text-align-center\"><em><strong>Trainingszeiten<\/strong><\/em><\/p>\n\n\n\n<p class=\"has-text-align-center\"><em>Montags von 16:00 Uhr bis 17:00 Uhr in der Roggentalhalle. \u00dcbungsleiter sind L. Dossmann, T. Basler, K. Aubele und S. Zanker<\/em><\/p>\n<\/div>\n\n\n\n<div class=\"wp-block-group alignwide is-layout-flow wp-block-group-is-layout-flow\" style=\"padding-top:var(--wp--preset--spacing--40);padding-right:var(--wp--preset--spacing--50);padding-bottom:0;padding-left:var(--wp--preset--spacing--50)\">\n<p>Kinderturnen weckt Freude an der Bewegung und f\u00f6rdert spielerisch den Gleichgewichtssinn, sowie die motorischen und koordinativen F\u00e4higkeiten. Geschult werden Gleichgewicht, Beweglichkeit, Rhythmusf\u00e4higkeit und Reaktionsf\u00e4higkeit \u2013 kurz gesagt: Kinderturnen bringt die Kinder in Schwung, st\u00e4rkt die Leistungsf\u00e4higkeit, gibt Selbstvertrauen, f\u00f6rdert den Zusammenhalt im Team und nat\u00fcrlich auch die Entstehung von Freundschaften. Nat\u00fcrlich d\u00fcrfen hier Spiele auch nicht fehlen, denn unser Ziel ist es, den Kindern Spa\u00df und Freude am Sport zu vermitteln und sie zu einem lebenslangen Sporttreiben zu animieren. Ab dem Grundschulturnen (3. und 4. Klasse\/W\u00f6lfe) wird dann der Schwerpunkt auf die Leichtathletik gelegt.<\/p>\n<\/div>\n<\/div>\n<\/div>\n\n\n\n<div class=\"wp-block-group alignfull has-base-2-background-color has-background has-global-padding is-layout-constrained wp-container-core-group-is-layout-f611be13 wp-block-group-is-layout-constrained\" id=\"woelfe\" style=\"padding-top:var(--wp--preset--spacing--50);padding-right:var(--wp--preset--spacing--50);padding-bottom:var(--wp--preset--spacing--50);padding-left:var(--wp--preset--spacing--50)\">\n<div class=\"wp-block-group alignfull has-global-padding is-layout-constrained wp-container-core-group-is-layout-f78cdd21 wp-block-group-is-layout-constrained\" style=\"border-top-left-radius:0px;border-top-right-radius:0px;border-bottom-left-radius:0px;border-bottom-right-radius:0px;margin-top:0;margin-bottom:0;padding-top:0;padding-right:var(--wp--preset--spacing--50);padding-bottom:0;padding-left:var(--wp--preset--spacing--50)\">\n<h2 class=\"wp-block-heading has-text-align-center\">W\u00f6lfe<\/h2>\n\n\n\n<p class=\"has-text-align-center\">Leichtathletik (ab 3. Klasse)<\/p>\n\n\n\n<div class=\"wp-block-group has-border-color has-custom-blau-border-color has-global-padding is-content-justification-center is-layout-constrained wp-container-core-group-is-layout-1b3afd6e wp-block-group-is-layout-constrained\" style=\"border-width:3px;border-top-left-radius:16px;border-top-right-radius:16px;border-bottom-left-radius:16px;border-bottom-right-radius:16px;min-height:0px;margin-top:var(--wp--preset--spacing--40);margin-bottom:0;padding-top:var(--wp--preset--spacing--20);padding-right:var(--wp--preset--spacing--30);padding-bottom:var(--wp--preset--spacing--20);padding-left:var(--wp--preset--spacing--30);box-shadow:var(--wp--preset--shadow--natural)\">\n<p class=\"has-text-align-center\"><em><strong>Trainingszeiten<\/strong><\/em><\/p>\n\n\n\n<p class=\"has-text-align-center\"><em>Montags von 17:00 Uhr bis 18:00 Uhr in der Roggentalhalle. \u00dcbungsleiter sind L. Dossmann, T. Basler, K. Aubele und S. Zanker<\/em><\/p>\n<\/div>\n\n\n\n<div class=\"wp-block-group alignwide is-layout-flow wp-block-group-is-layout-flow\" style=\"padding-top:var(--wp--preset--spacing--40);padding-right:var(--wp--preset--spacing--50);padding-bottom:0;padding-left:var(--wp--preset--spacing--50)\">\n<p>Kinderturnen weckt Freude an der Bewegung und f\u00f6rdert spielerisch den Gleichgewichtssinn, sowie die motorischen und koordinativen F\u00e4higkeiten. Geschult werden Gleichgewicht, Beweglichkeit, Rhythmusf\u00e4higkeit und Reaktionsf\u00e4higkeit \u2013 kurz gesagt: Kinderturnen bringt die Kinder in Schwung, st\u00e4rkt die Leistungsf\u00e4higkeit, gibt Selbstvertrauen, f\u00f6rdert den Zusammenhalt im Team und nat\u00fcrlich auch die Entstehung von Freundschaften. Nat\u00fcrlich d\u00fcrfen hier Spiele auch nicht fehlen, denn unser Ziel ist es, den Kindern Spa\u00df und Freude am Sport zu vermitteln und sie zu einem lebenslangen Sporttreiben zu animieren. Ab dem Grundschulturnen (3. und 4. Klasse\/W\u00f6lfe) wird dann der Schwerpunkt auf die Leichtathletik gelegt.<\/p>\n<\/div>\n<\/div>\n<\/div>\n","protected":false},"excerpt":{"rendered":"<p>Wir haben unsere Abteilung Kinderturnen und Leichtathletik in verschiedene Gruppen aufgeteilt, um altersgerecht mit den Kindern zu trainieren: Eltern-Kind-Turnen Kinderturnen Leichtathletik Infos Die Kinder k\u00f6nnen jederzeit ins Turnen oder in die Leichtathletik einsteigen (vorausausgesetzt die maximale Teilnehmerzahl l\u00e4sst das zu) und wir freuen uns \u00fcber interessierte Kinder, die zum Schnuppern k\u00f6nnen m\u00f6chten. Leitung der Abteilung [&hellip;]<\/p>\n","protected":false},"author":1,"featured_media":0,"parent":37,"menu_order":0,"comment_status":"closed","ping_status":"closed","template":"","meta":{"footnotes":""},"class_list":["post-370","page","type-page","status-publish","hentry"],"_links":{"self":[{"href":"https:\/\/tv-treffelhausen.de\/index.php?rest_route=\/wp\/v2\/pages\/370","targetHints":{"allow":["GET"]}}],"collection":[{"href":"https:\/\/tv-treffelhausen.de\/index.php?rest_route=\/wp\/v2\/pages"}],"about":[{"href":"https:\/\/tv-treffelhausen.de\/index.php?rest_route=\/wp\/v2\/types\/page"}],"author":[{"embeddable":true,"href":"https:\/\/tv-treffelhausen.de\/index.php?rest_route=\/wp\/v2\/users\/1"}],"replies":[{"embeddable":true,"href":"https:\/\/tv-treffelhausen.de\/index.php?rest_route=%2Fwp%2Fv2%2Fcomments&post=370"}],"version-history":[{"count":87,"href":"https:\/\/tv-treffelhausen.de\/index.php?rest_route=\/wp\/v2\/pages\/370\/revisions"}],"predecessor-version":[{"id":931,"href":"https:\/\/tv-treffelhausen.de\/index.php?rest_route=\/wp\/v2\/pages\/370\/revisions\/931"}],"up":[{"embeddable":true,"href":"https:\/\/tv-treffelhausen.de\/index.php?rest_route=\/wp\/v2\/pages\/37"}],"wp:attachment":[{"href":"https:\/\/tv-treffelhausen.de\/index.php?rest_route=%2Fwp%2Fv2%2Fmedia&parent=370"}],"curies":[{"name":"wp","href":"https:\/\/api.w.org\/{rel}","templated":true}]}}