{"id":37,"date":"2026-02-10T19:29:11","date_gmt":"2026-02-10T19:29:11","guid":{"rendered":"https:\/\/staging.tv-treffelhausen.de\/?page_id=37"},"modified":"2026-03-10T15:06:28","modified_gmt":"2026-03-10T15:06:28","slug":"abteilungen","status":"publish","type":"page","link":"https:\/\/tv-treffelhausen.de\/?page_id=37","title":{"rendered":"Unsere Abteilungen"},"content":{"rendered":"\n<div class=\"wp-block-group alignfull has-global-padding is-layout-constrained wp-container-core-group-is-layout-11910ff2 wp-block-group-is-layout-constrained\" style=\"margin-top:0;margin-bottom:0;padding-top:0;padding-right:var(--wp--preset--spacing--50);padding-bottom:var(--wp--preset--spacing--50);padding-left:var(--wp--preset--spacing--50)\">\n<p class=\"has-text-align-center\">Der TV Treffelhausen lebt von Gemeinschaft, Bewegung und Engagement. In unseren Abteilungen finden Kinder, Jugendliche und Erwachsene vielf\u00e4ltige M\u00f6glichkeiten, sportlich aktiv zu sein, Neues auszuprobieren und gemeinsam Spa\u00df an der Bewegung zu haben.<\/p>\n\n\n\n<div style=\"margin-top:0;margin-bottom:0;height:var(--wp--preset--spacing--40)\" aria-hidden=\"true\" class=\"wp-block-spacer\"><\/div>\n\n\n\n<div class=\"wp-block-group alignwide is-layout-grid wp-container-core-group-is-layout-b1f08fb4 wp-block-group-is-layout-grid\">\n<div class=\"wp-block-group no-underline has-global-padding is-layout-constrained wp-container-core-group-is-layout-085c765d wp-block-group-is-layout-constrained\" style=\"border-style:none;border-width:0px;border-top-left-radius:30px;border-top-right-radius:30px;border-bottom-left-radius:30px;border-bottom-right-radius:30px;margin-top:0;margin-bottom:0;padding-top:var(--wp--preset--spacing--20);padding-right:var(--wp--preset--spacing--30);padding-bottom:var(--wp--preset--spacing--20);padding-left:var(--wp--preset--spacing--30)\">\n<figure class=\"wp-block-image aligncenter size-large is-resized icon-hover\" style=\"margin-top:0;margin-bottom:var(--wp--preset--spacing--10)\"><a href=\"https:\/\/tv-treffelhausen-handball.de\" target=\"_blank\" rel=\" noreferrer noopener\"><img loading=\"lazy\" decoding=\"async\" width=\"1024\" height=\"1024\" src=\"https:\/\/tv-treffelhausen.de\/wp-content\/uploads\/2026\/02\/Icons-02-1024x1024.png\" alt=\"\" class=\"wp-image-315\" style=\"width:75px\" srcset=\"https:\/\/tv-treffelhausen.de\/wp-content\/uploads\/2026\/02\/Icons-02-1024x1024.png 1024w, https:\/\/tv-treffelhausen.de\/wp-content\/uploads\/2026\/02\/Icons-02-300x300.png 300w, https:\/\/tv-treffelhausen.de\/wp-content\/uploads\/2026\/02\/Icons-02-150x150.png 150w, https:\/\/tv-treffelhausen.de\/wp-content\/uploads\/2026\/02\/Icons-02-768x768.png 768w, https:\/\/tv-treffelhausen.de\/wp-content\/uploads\/2026\/02\/Icons-02-1536x1536.png 1536w, https:\/\/tv-treffelhausen.de\/wp-content\/uploads\/2026\/02\/Icons-02.png 1600w\" sizes=\"auto, (max-width: 1024px) 100vw, 1024px\" \/><\/a><\/figure>\n\n\n\n<h5 class=\"wp-block-heading has-text-align-center is-style-default has-link-color wp-elements-44db5c408028e2087783ca8aa208e6d5\">Handball<\/h5>\n<\/div>\n\n\n\n<div class=\"wp-block-group has-global-padding is-layout-constrained wp-container-core-group-is-layout-085c765d wp-block-group-is-layout-constrained\" style=\"border-style:none;border-width:0px;border-top-left-radius:30px;border-top-right-radius:30px;border-bottom-left-radius:30px;border-bottom-right-radius:30px;margin-top:0;margin-bottom:0;padding-top:var(--wp--preset--spacing--20);padding-right:var(--wp--preset--spacing--30);padding-bottom:var(--wp--preset--spacing--20);padding-left:var(--wp--preset--spacing--30)\">\n<figure class=\"wp-block-image aligncenter size-large is-resized icon-hover\" style=\"margin-top:0;margin-bottom:var(--wp--preset--spacing--10)\"><a href=\"https:\/\/tv-treffelhausen.de\/?page_id=361\"><img loading=\"lazy\" decoding=\"async\" width=\"1024\" height=\"1024\" src=\"https:\/\/tv-treffelhausen.de\/wp-content\/uploads\/2026\/02\/Icons-03-1024x1024.png\" alt=\"\" class=\"wp-image-337\" style=\"width:75px\" srcset=\"https:\/\/tv-treffelhausen.de\/wp-content\/uploads\/2026\/02\/Icons-03-1024x1024.png 1024w, https:\/\/tv-treffelhausen.de\/wp-content\/uploads\/2026\/02\/Icons-03-300x300.png 300w, https:\/\/tv-treffelhausen.de\/wp-content\/uploads\/2026\/02\/Icons-03-150x150.png 150w, https:\/\/tv-treffelhausen.de\/wp-content\/uploads\/2026\/02\/Icons-03-768x768.png 768w, https:\/\/tv-treffelhausen.de\/wp-content\/uploads\/2026\/02\/Icons-03-1536x1536.png 1536w, https:\/\/tv-treffelhausen.de\/wp-content\/uploads\/2026\/02\/Icons-03.png 1600w\" sizes=\"auto, (max-width: 1024px) 100vw, 1024px\" \/><\/a><\/figure>\n\n\n\n<h5 class=\"wp-block-heading has-text-align-center\">Tennis<\/h5>\n<\/div>\n\n\n\n<div class=\"wp-block-group has-global-padding is-layout-constrained wp-container-core-group-is-layout-085c765d wp-block-group-is-layout-constrained\" style=\"border-style:none;border-width:0px;border-top-left-radius:30px;border-top-right-radius:30px;border-bottom-left-radius:30px;border-bottom-right-radius:30px;margin-top:0;margin-bottom:0;padding-top:var(--wp--preset--spacing--20);padding-right:var(--wp--preset--spacing--30);padding-bottom:var(--wp--preset--spacing--20);padding-left:var(--wp--preset--spacing--30)\">\n<figure class=\"wp-block-image aligncenter size-large is-resized icon-hover\" style=\"margin-top:0;margin-bottom:var(--wp--preset--spacing--10)\"><a href=\"https:\/\/tv-treffelhausen.de\/?page_id=364\"><img loading=\"lazy\" decoding=\"async\" width=\"1024\" height=\"1024\" src=\"https:\/\/tv-treffelhausen.de\/wp-content\/uploads\/2026\/02\/Icons-01-2-1024x1024.png\" alt=\"\" class=\"wp-image-302\" style=\"width:75px\" srcset=\"https:\/\/tv-treffelhausen.de\/wp-content\/uploads\/2026\/02\/Icons-01-2-1024x1024.png 1024w, https:\/\/tv-treffelhausen.de\/wp-content\/uploads\/2026\/02\/Icons-01-2-300x300.png 300w, https:\/\/tv-treffelhausen.de\/wp-content\/uploads\/2026\/02\/Icons-01-2-150x150.png 150w, https:\/\/tv-treffelhausen.de\/wp-content\/uploads\/2026\/02\/Icons-01-2-768x768.png 768w, https:\/\/tv-treffelhausen.de\/wp-content\/uploads\/2026\/02\/Icons-01-2-1536x1536.png 1536w, https:\/\/tv-treffelhausen.de\/wp-content\/uploads\/2026\/02\/Icons-01-2.png 1600w\" sizes=\"auto, (max-width: 1024px) 100vw, 1024px\" \/><\/a><\/figure>\n\n\n\n<h5 class=\"wp-block-heading has-text-align-center\">Tischtennis<\/h5>\n<\/div>\n\n\n\n<div class=\"wp-block-group has-global-padding is-layout-constrained wp-container-core-group-is-layout-085c765d wp-block-group-is-layout-constrained\" style=\"border-style:none;border-width:0px;border-top-left-radius:30px;border-top-right-radius:30px;border-bottom-left-radius:30px;border-bottom-right-radius:30px;margin-top:0;margin-bottom:0;padding-top:var(--wp--preset--spacing--20);padding-right:var(--wp--preset--spacing--30);padding-bottom:var(--wp--preset--spacing--20);padding-left:var(--wp--preset--spacing--30)\">\n<figure class=\"wp-block-image aligncenter size-large is-resized icon-hover\" style=\"margin-top:0;margin-bottom:var(--wp--preset--spacing--10)\"><a href=\"https:\/\/tv-treffelhausen.de\/?page_id=366\"><img loading=\"lazy\" decoding=\"async\" width=\"1024\" height=\"836\" src=\"https:\/\/tv-treffelhausen.de\/wp-content\/uploads\/2026\/02\/Icons-04-1-1024x836.png\" alt=\"\" class=\"wp-image-358\" style=\"width:100px\" srcset=\"https:\/\/tv-treffelhausen.de\/wp-content\/uploads\/2026\/02\/Icons-04-1-1024x836.png 1024w, https:\/\/tv-treffelhausen.de\/wp-content\/uploads\/2026\/02\/Icons-04-1-300x245.png 300w, https:\/\/tv-treffelhausen.de\/wp-content\/uploads\/2026\/02\/Icons-04-1-768x627.png 768w, https:\/\/tv-treffelhausen.de\/wp-content\/uploads\/2026\/02\/Icons-04-1-1536x1255.png 1536w, https:\/\/tv-treffelhausen.de\/wp-content\/uploads\/2026\/02\/Icons-04-1.png 1959w\" sizes=\"auto, (max-width: 1024px) 100vw, 1024px\" \/><\/a><\/figure>\n\n\n\n<h5 class=\"wp-block-heading has-text-align-center\">M\u00e4nnerturnen<\/h5>\n<\/div>\n\n\n\n<div class=\"wp-block-group has-global-padding is-layout-constrained wp-container-core-group-is-layout-085c765d wp-block-group-is-layout-constrained\" style=\"border-style:none;border-width:0px;border-top-left-radius:30px;border-top-right-radius:30px;border-bottom-left-radius:30px;border-bottom-right-radius:30px;margin-top:0;margin-bottom:0;padding-top:var(--wp--preset--spacing--20);padding-right:var(--wp--preset--spacing--30);padding-bottom:var(--wp--preset--spacing--20);padding-left:var(--wp--preset--spacing--30)\">\n<figure class=\"wp-block-image aligncenter size-large is-resized icon-hover\" style=\"margin-top:0;margin-bottom:var(--wp--preset--spacing--10)\"><a href=\"https:\/\/tv-treffelhausen.de\/?page_id=368\"><img loading=\"lazy\" decoding=\"async\" width=\"1024\" height=\"1024\" src=\"https:\/\/tv-treffelhausen.de\/wp-content\/uploads\/2026\/02\/Icons-05-1024x1024.png\" alt=\"\" class=\"wp-image-339\" style=\"width:75px\" srcset=\"https:\/\/tv-treffelhausen.de\/wp-content\/uploads\/2026\/02\/Icons-05-1024x1024.png 1024w, https:\/\/tv-treffelhausen.de\/wp-content\/uploads\/2026\/02\/Icons-05-300x300.png 300w, https:\/\/tv-treffelhausen.de\/wp-content\/uploads\/2026\/02\/Icons-05-150x150.png 150w, https:\/\/tv-treffelhausen.de\/wp-content\/uploads\/2026\/02\/Icons-05-768x768.png 768w, https:\/\/tv-treffelhausen.de\/wp-content\/uploads\/2026\/02\/Icons-05-1536x1536.png 1536w, https:\/\/tv-treffelhausen.de\/wp-content\/uploads\/2026\/02\/Icons-05.png 1600w\" sizes=\"auto, (max-width: 1024px) 100vw, 1024px\" \/><\/a><\/figure>\n\n\n\n<h5 class=\"wp-block-heading has-text-align-center\">Frauenturnen<\/h5>\n<\/div>\n\n\n\n<div class=\"wp-block-group has-global-padding is-layout-constrained wp-container-core-group-is-layout-085c765d wp-block-group-is-layout-constrained\" style=\"border-style:none;border-width:0px;border-top-left-radius:30px;border-top-right-radius:30px;border-bottom-left-radius:30px;border-bottom-right-radius:30px;margin-top:0;margin-bottom:0;padding-top:var(--wp--preset--spacing--20);padding-right:var(--wp--preset--spacing--30);padding-bottom:var(--wp--preset--spacing--20);padding-left:var(--wp--preset--spacing--30)\">\n<figure class=\"wp-block-image aligncenter size-large is-resized icon-hover\" style=\"margin-top:0;margin-bottom:var(--wp--preset--spacing--10)\"><a href=\"https:\/\/tv-treffelhausen.de\/?page_id=370\"><img loading=\"lazy\" decoding=\"async\" width=\"1024\" height=\"1024\" src=\"https:\/\/tv-treffelhausen.de\/wp-content\/uploads\/2026\/02\/Icons-07-1-1024x1024.png\" alt=\"\" class=\"wp-image-348\" style=\"width:75px\" srcset=\"https:\/\/tv-treffelhausen.de\/wp-content\/uploads\/2026\/02\/Icons-07-1-1024x1024.png 1024w, https:\/\/tv-treffelhausen.de\/wp-content\/uploads\/2026\/02\/Icons-07-1-300x300.png 300w, https:\/\/tv-treffelhausen.de\/wp-content\/uploads\/2026\/02\/Icons-07-1-150x150.png 150w, https:\/\/tv-treffelhausen.de\/wp-content\/uploads\/2026\/02\/Icons-07-1-768x768.png 768w, https:\/\/tv-treffelhausen.de\/wp-content\/uploads\/2026\/02\/Icons-07-1-1536x1536.png 1536w, https:\/\/tv-treffelhausen.de\/wp-content\/uploads\/2026\/02\/Icons-07-1.png 1600w\" sizes=\"auto, (max-width: 1024px) 100vw, 1024px\" \/><\/a><\/figure>\n\n\n\n<h5 class=\"wp-block-heading has-text-align-center\">Kinderturnen\/<br>Leichtathletik<\/h5>\n<\/div>\n\n\n\n<div class=\"wp-block-group has-global-padding is-layout-constrained wp-container-core-group-is-layout-085c765d wp-block-group-is-layout-constrained\" style=\"border-style:none;border-width:0px;border-top-left-radius:30px;border-top-right-radius:30px;border-bottom-left-radius:30px;border-bottom-right-radius:30px;margin-top:0;margin-bottom:0;padding-top:var(--wp--preset--spacing--20);padding-right:var(--wp--preset--spacing--30);padding-bottom:var(--wp--preset--spacing--20);padding-left:var(--wp--preset--spacing--30)\">\n<figure class=\"wp-block-image aligncenter size-large is-resized icon-hover\" style=\"margin-top:0;margin-bottom:var(--wp--preset--spacing--10)\"><a href=\"https:\/\/tv-treffelhausen.de\/?page_id=374\"><img loading=\"lazy\" decoding=\"async\" width=\"1024\" height=\"1024\" src=\"https:\/\/tv-treffelhausen.de\/wp-content\/uploads\/2026\/02\/Icons-08-1024x1024.png\" alt=\"\" class=\"wp-image-349\" style=\"width:75px\" srcset=\"https:\/\/tv-treffelhausen.de\/wp-content\/uploads\/2026\/02\/Icons-08-1024x1024.png 1024w, https:\/\/tv-treffelhausen.de\/wp-content\/uploads\/2026\/02\/Icons-08-300x300.png 300w, https:\/\/tv-treffelhausen.de\/wp-content\/uploads\/2026\/02\/Icons-08-150x150.png 150w, https:\/\/tv-treffelhausen.de\/wp-content\/uploads\/2026\/02\/Icons-08-768x768.png 768w, https:\/\/tv-treffelhausen.de\/wp-content\/uploads\/2026\/02\/Icons-08-1536x1536.png 1536w, https:\/\/tv-treffelhausen.de\/wp-content\/uploads\/2026\/02\/Icons-08.png 1600w\" sizes=\"auto, (max-width: 1024px) 100vw, 1024px\" \/><\/a><\/figure>\n\n\n\n<h5 class=\"wp-block-heading has-text-align-center\">Prinzengarde<\/h5>\n<\/div>\n<\/div>\n\n\n\n<div style=\"height:20px\" aria-hidden=\"true\" class=\"wp-block-spacer\"><\/div>\n\n\n\n<div class=\"wp-block-buttons is-content-justification-center is-layout-flex wp-container-core-buttons-is-layout-a89b3969 wp-block-buttons-is-layout-flex\">\n<div class=\"wp-block-button\"><a class=\"wp-block-button__link wp-element-button\" href=\"https:\/\/tv-treffelhausen.de\/?page_id=691\">Mitgliedschaft beim TVT<\/a><\/div>\n<\/div>\n<\/div>\n","protected":false},"excerpt":{"rendered":"<p>Der TV Treffelhausen lebt von Gemeinschaft, Bewegung und Engagement. In unseren Abteilungen finden Kinder, Jugendliche und Erwachsene vielf\u00e4ltige M\u00f6glichkeiten, sportlich aktiv zu sein, Neues auszuprobieren und gemeinsam Spa\u00df an der Bewegung zu haben. Handball Tennis Tischtennis M\u00e4nnerturnen Frauenturnen Kinderturnen\/Leichtathletik Prinzengarde<\/p>\n","protected":false},"author":1,"featured_media":0,"parent":0,"menu_order":0,"comment_status":"closed","ping_status":"closed","template":"","meta":{"footnotes":""},"class_list":["post-37","page","type-page","status-publish","hentry"],"_links":{"self":[{"href":"https:\/\/tv-treffelhausen.de\/index.php?rest_route=\/wp\/v2\/pages\/37","targetHints":{"allow":["GET"]}}],"collection":[{"href":"https:\/\/tv-treffelhausen.de\/index.php?rest_route=\/wp\/v2\/pages"}],"about":[{"href":"https:\/\/tv-treffelhausen.de\/index.php?rest_route=\/wp\/v2\/types\/page"}],"author":[{"embeddable":true,"href":"https:\/\/tv-treffelhausen.de\/index.php?rest_route=\/wp\/v2\/users\/1"}],"replies":[{"embeddable":true,"href":"https:\/\/tv-treffelhausen.de\/index.php?rest_route=%2Fwp%2Fv2%2Fcomments&post=37"}],"version-history":[{"count":8,"href":"https:\/\/tv-treffelhausen.de\/index.php?rest_route=\/wp\/v2\/pages\/37\/revisions"}],"predecessor-version":[{"id":926,"href":"https:\/\/tv-treffelhausen.de\/index.php?rest_route=\/wp\/v2\/pages\/37\/revisions\/926"}],"wp:attachment":[{"href":"https:\/\/tv-treffelhausen.de\/index.php?rest_route=%2Fwp%2Fv2%2Fmedia&parent=37"}],"curies":[{"name":"wp","href":"https:\/\/api.w.org\/{rel}","templated":true}]}}