{"id":368,"date":"2026-02-11T17:55:20","date_gmt":"2026-02-11T17:55:20","guid":{"rendered":"https:\/\/tv-treffelhausen.de\/?page_id=368"},"modified":"2026-03-10T15:08:09","modified_gmt":"2026-03-10T15:08:09","slug":"frauenturnen","status":"publish","type":"page","link":"https:\/\/tv-treffelhausen.de\/?page_id=368","title":{"rendered":"Frauenturnen"},"content":{"rendered":"\n<div class=\"wp-block-group has-global-padding is-layout-constrained wp-block-group-is-layout-constrained\" style=\"margin-top:var(--wp--preset--spacing--30)\">\n<p class=\"has-text-align-center\">Die Abteilung Frauenturnen besteht aus 4 Unterabteilungen:&nbsp;<\/p>\n\n\n\n<div class=\"wp-block-buttons is-content-justification-center is-layout-flex wp-container-core-buttons-is-layout-a89b3969 wp-block-buttons-is-layout-flex\">\n<div class=\"wp-block-button has-custom-width wp-block-button__width-75\"><a class=\"wp-block-button__link wp-element-button\" href=\"#traditionellesfrauenturnen\"><strong>traditionelles Frauenturnen<\/strong><\/a><\/div>\n\n\n\n<div class=\"wp-block-button\"><a class=\"wp-block-button__link wp-element-button\" href=\"#tabata\"><strong><strong>Tabata<\/strong><\/strong><\/a><\/div>\n\n\n\n<div class=\"wp-block-button\"><a class=\"wp-block-button__link wp-element-button\" href=\"#konditraining\"><strong><strong>Kondi-Training<\/strong><\/strong><\/a><\/div>\n\n\n\n<div class=\"wp-block-button\"><a class=\"wp-block-button__link wp-element-button\" href=\"#aerobic\"><strong><strong>Aerobic (Hopfgazellen)<\/strong><\/strong><\/a><\/div>\n<\/div>\n<\/div>\n\n\n\n<div class=\"wp-block-group alignfull has-base-2-background-color has-background has-global-padding is-layout-constrained wp-container-core-group-is-layout-73721e90 wp-block-group-is-layout-constrained\" id=\"traditionellesfrauenturnen\" style=\"border-top-left-radius:0px;border-top-right-radius:0px;border-bottom-left-radius:0px;border-bottom-right-radius:0px;margin-top:var(--wp--preset--spacing--50);margin-bottom:var(--wp--preset--spacing--50);padding-top:var(--wp--preset--spacing--50);padding-right:var(--wp--preset--spacing--50);padding-bottom:var(--wp--preset--spacing--50);padding-left:var(--wp--preset--spacing--50)\">\n<h2 class=\"wp-block-heading has-text-align-center\">Traditionelles Frauenturnen<\/h2>\n\n\n\n<div class=\"wp-block-group has-border-color has-custom-blau-border-color has-global-padding is-content-justification-center is-layout-constrained wp-container-core-group-is-layout-79a74456 wp-block-group-is-layout-constrained\" style=\"border-width:3px;border-top-left-radius:16px;border-top-right-radius:16px;border-bottom-left-radius:16px;border-bottom-right-radius:16px;min-height:0px;margin-top:var(--wp--preset--spacing--40);margin-bottom:var(--wp--preset--spacing--40);padding-top:var(--wp--preset--spacing--20);padding-right:var(--wp--preset--spacing--30);padding-bottom:var(--wp--preset--spacing--20);padding-left:var(--wp--preset--spacing--30);box-shadow:var(--wp--preset--shadow--natural)\">\n<p class=\"has-text-align-center\"><em><strong>Trainingszeiten<\/strong><\/em><\/p>\n\n\n\n<p class=\"has-text-align-center\"><em>Immer Mittwochs um 20:30 Uhr in der Roggentalhalle. \u00dcbungsleiter sind Ursula Heinzmann, Angelika K\u00fcchle und Heidi Vesenmaier. Neuzug\u00e4nge sind jederzeit herzlich Willkommen.&nbsp;<\/em><\/p>\n<\/div>\n\n\n\n<div class=\"wp-block-group alignwide is-layout-flow wp-block-group-is-layout-flow\" style=\"padding-top:0;padding-right:var(--wp--preset--spacing--50);padding-bottom:0;padding-left:var(--wp--preset--spacing--50)\">\n<p><strong>Geschichte<\/strong><\/p>\n\n\n\n<p>1969 war es Marion Schindler, die Frauen auf der Strasse ansprach und zum Turnen aufforderte und somit den Stein ins Rollen brachte. Am 12. August 1969 trafen sich dann einige Frauen im Gymnastikraum des Clubhauses zur ersten Turnstunde. Von da an ging es mit den Teilnehmerzahlen stetig bergauf. Seit der Einweihung der Roggentalhalle im Jahre 1984 leistete die Frauenabteilung durch Auftritte bei Veranstaltungen und Arbeitsdienste des Turnvereins ihren Beitrag. Ganz im Vordergrund steht bei uns neben der Freude an Bewegung die Geselligkeit. Aktivit\u00e4ten wie z.B. Ausfl\u00fcge, Grillen, Wandern und sonstige Freizeitaktivit\u00e4ten stehen ebenfalls auf dem Programm.&nbsp;<\/p>\n<\/div>\n<\/div>\n\n\n\n<div class=\"wp-block-group alignfull has-base-2-background-color has-background has-global-padding is-layout-constrained wp-container-core-group-is-layout-f611be13 wp-block-group-is-layout-constrained\" id=\"tabata\" style=\"padding-top:var(--wp--preset--spacing--50);padding-right:var(--wp--preset--spacing--50);padding-bottom:var(--wp--preset--spacing--50);padding-left:var(--wp--preset--spacing--50)\">\n<div class=\"wp-block-group alignfull has-global-padding is-layout-constrained wp-container-core-group-is-layout-f78cdd21 wp-block-group-is-layout-constrained\" style=\"border-top-left-radius:0px;border-top-right-radius:0px;border-bottom-left-radius:0px;border-bottom-right-radius:0px;margin-top:0;margin-bottom:0;padding-top:0;padding-right:var(--wp--preset--spacing--50);padding-bottom:0;padding-left:var(--wp--preset--spacing--50)\">\n<h2 class=\"wp-block-heading has-text-align-center\">Tabata<\/h2>\n\n\n\n<div class=\"wp-block-group has-border-color has-custom-blau-border-color has-global-padding is-content-justification-center is-layout-constrained wp-container-core-group-is-layout-79a74456 wp-block-group-is-layout-constrained\" style=\"border-width:3px;border-top-left-radius:16px;border-top-right-radius:16px;border-bottom-left-radius:16px;border-bottom-right-radius:16px;min-height:0px;margin-top:var(--wp--preset--spacing--40);margin-bottom:var(--wp--preset--spacing--40);padding-top:var(--wp--preset--spacing--20);padding-right:var(--wp--preset--spacing--30);padding-bottom:var(--wp--preset--spacing--20);padding-left:var(--wp--preset--spacing--30);box-shadow:var(--wp--preset--shadow--natural)\">\n<p class=\"has-text-align-center\"><em><strong>Trainingszeiten<\/strong><\/em><\/p>\n\n\n\n<p class=\"has-text-align-center\"><em>Jeden Dienstag von 19:00 Uhr bis 20:30 Uhr in der Roggentalhalle. \u00dcbungsleiterin ist Monika Veser.<\/em><\/p>\n<\/div>\n\n\n\n<div class=\"wp-block-group alignwide is-layout-flow wp-block-group-is-layout-flow\" style=\"padding-top:0;padding-right:var(--wp--preset--spacing--50);padding-bottom:0;padding-left:var(--wp--preset--spacing--50)\">\n<p>Vor einiger Zeit wurde eine Tabata Trainingsgruppe gegr\u00fcndet. Tabata ist eine hochintensive Form des Intervalltrainings (HIIT), die aus 4-min\u00fctigen Einheiten besteht: 20 Sekunden maximale Belastung, gefolgt von 10 Sekunden Pause, achtmal wiederholt. Die vom japanischen Sportwissenschaftler Dr. Izumi Tabata entwickelte Methode steigert Ausdauer, Kraft und Fettverbrennung durch maximale Anstrengung, oft mit Eigengewicht\u00fcbungen wir Burpees, Spr\u00fcngen oder Sprints.&nbsp;<\/p>\n<\/div>\n<\/div>\n<\/div>\n\n\n\n<div class=\"wp-block-group alignfull has-base-2-background-color has-background has-global-padding is-layout-constrained wp-container-core-group-is-layout-73721e90 wp-block-group-is-layout-constrained\" id=\"konditraining\" style=\"border-top-left-radius:0px;border-top-right-radius:0px;border-bottom-left-radius:0px;border-bottom-right-radius:0px;margin-top:var(--wp--preset--spacing--50);margin-bottom:var(--wp--preset--spacing--50);padding-top:var(--wp--preset--spacing--50);padding-right:var(--wp--preset--spacing--50);padding-bottom:var(--wp--preset--spacing--50);padding-left:var(--wp--preset--spacing--50)\">\n<h2 class=\"wp-block-heading has-text-align-center\">Kondi-Training<\/h2>\n\n\n\n<div class=\"wp-block-group has-border-color has-custom-blau-border-color has-global-padding is-content-justification-center is-layout-constrained wp-container-core-group-is-layout-79a74456 wp-block-group-is-layout-constrained\" style=\"border-width:3px;border-top-left-radius:16px;border-top-right-radius:16px;border-bottom-left-radius:16px;border-bottom-right-radius:16px;min-height:0px;margin-top:var(--wp--preset--spacing--40);margin-bottom:var(--wp--preset--spacing--40);padding-top:var(--wp--preset--spacing--20);padding-right:var(--wp--preset--spacing--30);padding-bottom:var(--wp--preset--spacing--20);padding-left:var(--wp--preset--spacing--30);box-shadow:var(--wp--preset--shadow--natural)\">\n<p class=\"has-text-align-center\"><em><strong>Trainingszeiten<\/strong><\/em><\/p>\n\n\n\n<p class=\"has-text-align-center\"><em>Jeden Mittwoch von 19:30 Uhr bis 20:30 Uhr in der Roggentalhalle. \u00dcbungsleiter sind Elke Bartl und Doris Birkhold.<\/em><\/p>\n<\/div>\n\n\n\n<div class=\"wp-block-group alignwide is-layout-flow wp-block-group-is-layout-flow\" style=\"padding-top:0;padding-right:var(--wp--preset--spacing--50);padding-bottom:0;padding-left:var(--wp--preset--spacing--50)\">\n<p><strong>Geschichte<\/strong><\/p>\n\n\n\n<p>Die urspr\u00fcngliche Frauengruppe teilte sich in 3 Sparten. Hieraus entstand 2004 die neue Kondi-Gruppe, die sich \u00fcber die Wintermonate mit Gymnastik, Zirkel- und Ausdauertraining in der Roggentalhalle fit h\u00e4lt. Im Sommer geht es raus in die Natur zum Nordic-Walking, das sich mittlerweile auch beim TVT etabliert hat.<\/p>\n<\/div>\n<\/div>\n\n\n\n<div class=\"wp-block-group alignfull has-base-2-background-color has-background has-global-padding is-layout-constrained wp-container-core-group-is-layout-f611be13 wp-block-group-is-layout-constrained\" id=\"aerobic\" style=\"padding-top:var(--wp--preset--spacing--50);padding-right:var(--wp--preset--spacing--50);padding-bottom:var(--wp--preset--spacing--50);padding-left:var(--wp--preset--spacing--50)\">\n<div class=\"wp-block-group alignfull has-global-padding is-layout-constrained wp-container-core-group-is-layout-f78cdd21 wp-block-group-is-layout-constrained\" style=\"border-top-left-radius:0px;border-top-right-radius:0px;border-bottom-left-radius:0px;border-bottom-right-radius:0px;margin-top:0;margin-bottom:0;padding-top:0;padding-right:var(--wp--preset--spacing--50);padding-bottom:0;padding-left:var(--wp--preset--spacing--50)\">\n<h2 class=\"wp-block-heading has-text-align-center\">Aerobic (Hopfgazellen)<\/h2>\n\n\n\n<div class=\"wp-block-group has-border-color has-custom-blau-border-color has-global-padding is-content-justification-center is-layout-constrained wp-container-core-group-is-layout-79a74456 wp-block-group-is-layout-constrained\" style=\"border-width:3px;border-top-left-radius:16px;border-top-right-radius:16px;border-bottom-left-radius:16px;border-bottom-right-radius:16px;min-height:0px;margin-top:var(--wp--preset--spacing--40);margin-bottom:var(--wp--preset--spacing--40);padding-top:var(--wp--preset--spacing--20);padding-right:var(--wp--preset--spacing--30);padding-bottom:var(--wp--preset--spacing--20);padding-left:var(--wp--preset--spacing--30);box-shadow:var(--wp--preset--shadow--natural)\">\n<p class=\"has-text-align-center\"><em><strong>Trainingszeiten<\/strong><\/em><\/p>\n\n\n\n<p class=\"has-text-align-center\"><em>Jeden Montag von 19:00 Uhr bis 20:30 Uhr in der Roggentalhalle. \u00dcbungsleiter sind Manuela Nagel und Anita Gerst.<\/em><\/p>\n<\/div>\n\n\n\n<div class=\"wp-block-group alignwide is-layout-flow wp-block-group-is-layout-flow\" style=\"padding-top:0;padding-right:var(--wp--preset--spacing--50);padding-bottom:0;padding-left:var(--wp--preset--spacing--50)\">\n<p><strong>Geschichte<\/strong><\/p>\n\n\n\n<p>Im Jahr 2004 l\u00f6ste sich die 1. Prinzengarde des TVT (die Treffelers) auf. Aus einer Hand voll M\u00e4dels wurde unter der Leitung von Manuela Nagel eine Aerobicgruppe gegr\u00fcndet. In der Zwischenzeit sind es 25 Frauen. Neben Aerobic, Step und Gymnastik wird auch immer wieder Zirkeltraining unter der Leitung von Anita Gerst angeboten. Gemeinsam Spa\u00df zu haben und ein guter Zusammenhalt innerhalb der Gruppe stehen neben der k\u00f6rperlichen Ert\u00fcchtigung an oberster Stelle. Die unter dem Namen Hausamer Hopfgazellen ist aber auch au\u00dferhalb ihrer Trainingszeiten eine \u00e4u\u00dferst aktive Gemeinschaft. Im Fr\u00fchjahr und Herbst wird ausgiebig gewandert und zwischendurch gibt es auch noch das ein oder andere Event. Mittlerweile \u00fcberzeugen die Damen auch bei der Vereinsparade im Fasching mit fetzigen Einlagen.<\/p>\n<\/div>\n<\/div>\n<\/div>\n","protected":false},"excerpt":{"rendered":"<p>Die Abteilung Frauenturnen besteht aus 4 Unterabteilungen:&nbsp; Traditionelles Frauenturnen Trainingszeiten Immer Mittwochs um 20:30 Uhr in der Roggentalhalle. \u00dcbungsleiter sind Ursula Heinzmann, Angelika K\u00fcchle und Heidi Vesenmaier. Neuzug\u00e4nge sind jederzeit herzlich Willkommen.&nbsp; Geschichte 1969 war es Marion Schindler, die Frauen auf der Strasse ansprach und zum Turnen aufforderte und somit den Stein ins Rollen brachte. [&hellip;]<\/p>\n","protected":false},"author":1,"featured_media":0,"parent":37,"menu_order":0,"comment_status":"closed","ping_status":"closed","template":"","meta":{"footnotes":""},"class_list":["post-368","page","type-page","status-publish","hentry"],"_links":{"self":[{"href":"https:\/\/tv-treffelhausen.de\/index.php?rest_route=\/wp\/v2\/pages\/368","targetHints":{"allow":["GET"]}}],"collection":[{"href":"https:\/\/tv-treffelhausen.de\/index.php?rest_route=\/wp\/v2\/pages"}],"about":[{"href":"https:\/\/tv-treffelhausen.de\/index.php?rest_route=\/wp\/v2\/types\/page"}],"author":[{"embeddable":true,"href":"https:\/\/tv-treffelhausen.de\/index.php?rest_route=\/wp\/v2\/users\/1"}],"replies":[{"embeddable":true,"href":"https:\/\/tv-treffelhausen.de\/index.php?rest_route=%2Fwp%2Fv2%2Fcomments&post=368"}],"version-history":[{"count":70,"href":"https:\/\/tv-treffelhausen.de\/index.php?rest_route=\/wp\/v2\/pages\/368\/revisions"}],"predecessor-version":[{"id":928,"href":"https:\/\/tv-treffelhausen.de\/index.php?rest_route=\/wp\/v2\/pages\/368\/revisions\/928"}],"up":[{"embeddable":true,"href":"https:\/\/tv-treffelhausen.de\/index.php?rest_route=\/wp\/v2\/pages\/37"}],"wp:attachment":[{"href":"https:\/\/tv-treffelhausen.de\/index.php?rest_route=%2Fwp%2Fv2%2Fmedia&parent=368"}],"curies":[{"name":"wp","href":"https:\/\/api.w.org\/{rel}","templated":true}]}}