{"id":197,"date":"2026-02-01T20:50:26","date_gmt":"2026-02-01T20:50:26","guid":{"rendered":"https:\/\/staging.tv-treffelhausen.de\/?page_id=197"},"modified":"2026-03-10T14:58:04","modified_gmt":"2026-03-10T14:58:04","slug":"beitraege","status":"publish","type":"page","link":"https:\/\/tv-treffelhausen.de\/?page_id=197","title":{"rendered":"Beitr\u00e4ge"},"content":{"rendered":"\n<p class=\"has-text-align-center\">Hier findet ihr alle wichtigen Informationen, Berichte und Einblicke rund um den TVT \u2013 von vergangenen Veranstaltungen \u00fcber aktuelle Entwicklungen bis hin zu besonderen Projekten.<\/p>\n\n\n\n<div class=\"wp-block-query alignfull is-layout-flow wp-block-query-is-layout-flow\">\n<div class=\"wp-block-group alignfull is-layout-flow wp-block-group-is-layout-flow\" style=\"padding-top:var(--wp--preset--spacing--40);padding-right:var(--wp--preset--spacing--40);padding-bottom:var(--wp--preset--spacing--40);padding-left:var(--wp--preset--spacing--40)\">\n<div class=\"wp-block-group alignfull has-base-2-background-color has-background has-global-padding is-layout-constrained wp-container-core-group-is-layout-669513ed wp-block-group-is-layout-constrained\" style=\"margin-top:0;margin-bottom:0;padding-top:var(--wp--preset--spacing--50);padding-right:var(--wp--preset--spacing--50);padding-bottom:var(--wp--preset--spacing--50);padding-left:var(--wp--preset--spacing--50);box-shadow:var(--wp--preset--shadow--natural)\"><ul class=\"alignwide wp-block-post-template is-layout-flow wp-container-core-post-template-is-layout-ea1fff98 wp-block-post-template-is-layout-flow\"><li class=\"wp-block-post post-1093 post type-post status-publish format-standard hentry category-clubhaus category-veranstaltungen\">\n<h2 class=\"wp-block-post-title\"><a href=\"https:\/\/tv-treffelhausen.de\/?p=1093\" target=\"_self\" >Hauptversammlung des TVT 24.04.2026<\/a><\/h2>\n\n<div class=\"wp-block-post-excerpt\"><p class=\"wp-block-post-excerpt__excerpt\">Hauptversammlung TV Treffelhausen am 24.04.2026Die Hauptversammlung des TV Treffelhausen fand am Freitag, den 24. April 2026 im Clubhaus statt. Vorstand Joachim Brien begr\u00fc\u00dfte die zahlreich anwesenden Mitglieder, Ehrenmitglieder und G\u00e4ste und stellte fest, dass satzungsgem\u00e4\u00df und termingerecht eingeladen und die&hellip;<\/p><p class=\"wp-block-post-excerpt__more-text\"><a class=\"wp-block-post-excerpt__more-link\" href=\"https:\/\/tv-treffelhausen.de\/?p=1093\">weiterlesen<\/a><\/p><\/div>\n\n\n<div style=\"height:30px\" aria-hidden=\"true\" class=\"wp-block-spacer\"><\/div>\n\n<\/li><li class=\"wp-block-post post-1076 post type-post status-publish format-standard hentry category-clubhaus category-veranstaltungen\">\n<h2 class=\"wp-block-post-title\"><a href=\"https:\/\/tv-treffelhausen.de\/?p=1076\" target=\"_self\" >Nachlese Gau Frauenfr\u00fchst\u00fcck 26.04.2026<\/a><\/h2>\n\n<div class=\"wp-block-post-excerpt\"><p class=\"wp-block-post-excerpt__excerpt\">Am Sonntag, den 26. April, lud der TV Treffelhausen um 9 Uhr zum \u201eGau-Frauenfr\u00fchst\u00fcck\u201c ins Clubhaus ein. Insgesamt 75 Frauen folgten der Einladung und sorgten von Beginn an f\u00fcr eine rundum angenehme und gesellige Atmosph\u00e4re. Den G\u00e4sten wurde ein \u00e4u\u00dferst&hellip;<\/p><p class=\"wp-block-post-excerpt__more-text\"><a class=\"wp-block-post-excerpt__more-link\" href=\"https:\/\/tv-treffelhausen.de\/?p=1076\">weiterlesen<\/a><\/p><\/div>\n\n\n<div style=\"height:30px\" aria-hidden=\"true\" class=\"wp-block-spacer\"><\/div>\n\n<\/li><li class=\"wp-block-post post-975 post type-post status-publish format-standard hentry category-clubhaus category-veranstaltungen\">\n<h2 class=\"wp-block-post-title\"><a href=\"https:\/\/tv-treffelhausen.de\/?p=975\" target=\"_self\" >Einladung zur Hauptversammlung am 24.04.2026<\/a><\/h2>\n\n<div class=\"wp-block-post-excerpt\"><p class=\"wp-block-post-excerpt__excerpt\">Die Hauptversammlung des TVT findet am Freitag, 24.04.2026 um 19:30 Uhr im Clubhaus statt. Tagesordnung:1. Er\u00f6ffnung und Begr\u00fc\u00dfung durch den 1. Vorstand2. Totengedenken3. Jahresbericht des 1. Vorstands4. Kassenbericht5. Bericht der Kassenpr\u00fcfer6. Entlastung Kassier7. Bericht des Schriftf\u00fchrers (Tischvorlage)8. Entlastung Vorstand und&hellip;<\/p><p class=\"wp-block-post-excerpt__more-text\"><a class=\"wp-block-post-excerpt__more-link\" href=\"https:\/\/tv-treffelhausen.de\/?p=975\">weiterlesen<\/a><\/p><\/div>\n\n\n<div style=\"height:30px\" aria-hidden=\"true\" class=\"wp-block-spacer\"><\/div>\n\n<\/li><li class=\"wp-block-post post-952 post type-post status-publish format-standard hentry category-clubhaus category-veranstaltungen\">\n<h2 class=\"wp-block-post-title\"><a href=\"https:\/\/tv-treffelhausen.de\/?p=952\" target=\"_self\" >Freitagsevent Abteilung Tischtennis 27.03.2026<\/a><\/h2>\n\n<div class=\"wp-block-post-excerpt\"><p class=\"wp-block-post-excerpt__excerpt\"><\/p><p class=\"wp-block-post-excerpt__more-text\"><a class=\"wp-block-post-excerpt__more-link\" href=\"https:\/\/tv-treffelhausen.de\/?p=952\">weiterlesen<\/a><\/p><\/div>\n\n\n<div style=\"height:30px\" aria-hidden=\"true\" class=\"wp-block-spacer\"><\/div>\n\n<\/li><li class=\"wp-block-post post-755 post type-post status-publish format-standard hentry category-clubhaus category-veranstaltungen\">\n<h2 class=\"wp-block-post-title\"><a href=\"https:\/\/tv-treffelhausen.de\/?p=755\" target=\"_self\" >Kinderdisco am Freitag, 20.03.2026 &#8211; Nachlese<\/a><\/h2>\n\n<div class=\"wp-block-post-excerpt\"><p class=\"wp-block-post-excerpt__excerpt\">&#8222;Die Abteilung Turnen veranstaltete k\u00fcrzlich eine Kinder-Disco, die ein voller Erfolg war. Insgesamt nahmen rund 80 Kinder an diesem fr\u00f6hlichen Event teil und erlebten einen unvergesslichen Abend voller Spa\u00df und guter Stimmung. F\u00fcr die passende musikalische Unterhaltung sorgte DJ Dossi,&hellip;<\/p><p class=\"wp-block-post-excerpt__more-text\"><a class=\"wp-block-post-excerpt__more-link\" href=\"https:\/\/tv-treffelhausen.de\/?p=755\">weiterlesen<\/a><\/p><\/div>\n\n\n<div style=\"height:30px\" aria-hidden=\"true\" class=\"wp-block-spacer\"><\/div>\n\n<\/li><li class=\"wp-block-post post-733 post type-post status-publish format-standard hentry category-roggentalhalle category-veranstaltungen\">\n<h2 class=\"wp-block-post-title\"><a href=\"https:\/\/tv-treffelhausen.de\/?p=733\" target=\"_self\" >R\u00fcckblick Kinderfasching 16.02.2026<\/a><\/h2>\n\n<div class=\"wp-block-post-excerpt\"><p class=\"wp-block-post-excerpt__excerpt\">Eine tolle Veranstaltung in ausverkaufter Roggentalhalle mit einem klasse Programm \u00fcber fast 2 Stunden. Danke an alle Gruppen mit Ihren \u00dcbungsleiterinnen\/Trainer die mit tollen Programmpunkten in Form von T\u00e4nzen und Spielen mitgewirkt haben und zum Gelingen der Veranstaltung beigetragen haben.&hellip;<\/p><p class=\"wp-block-post-excerpt__more-text\"><a class=\"wp-block-post-excerpt__more-link\" href=\"https:\/\/tv-treffelhausen.de\/?p=733\">weiterlesen<\/a><\/p><\/div>\n\n\n<div style=\"height:30px\" aria-hidden=\"true\" class=\"wp-block-spacer\"><\/div>\n\n<\/li><li class=\"wp-block-post post-672 post type-post status-publish format-standard hentry category-clubhaus\">\n<h2 class=\"wp-block-post-title\"><a href=\"https:\/\/tv-treffelhausen.de\/?p=672\" target=\"_self\" >Freitagsevent der M\u00e4nnerturner 27.02.2026<\/a><\/h2>\n\n<div class=\"wp-block-post-excerpt\"><p class=\"wp-block-post-excerpt__excerpt\"><\/p><p class=\"wp-block-post-excerpt__more-text\"><a class=\"wp-block-post-excerpt__more-link\" href=\"https:\/\/tv-treffelhausen.de\/?p=672\">weiterlesen<\/a><\/p><\/div>\n\n\n<div style=\"height:30px\" aria-hidden=\"true\" class=\"wp-block-spacer\"><\/div>\n\n<\/li><li class=\"wp-block-post post-573 post type-post status-publish format-standard hentry category-roggentalhalle category-veranstaltungen\">\n<h2 class=\"wp-block-post-title\"><a href=\"https:\/\/tv-treffelhausen.de\/?p=573\" target=\"_self\" >Kinderfasching des TVT 16.02.2026<\/a><\/h2>\n\n<div class=\"wp-block-post-excerpt\"><p class=\"wp-block-post-excerpt__excerpt\">Am Rosenmontag den 16.Februar findet dieses Jahr wieder der traditionelle TVT-Kinderfasching in der Roggentalhalle. Es wird wieder ein buntes Programm mit Einlagen von verschiedenen Gruppen geben, dazu eine Bastelecke, gute Stimmung Faschingsmusik sowie leckeres zum Essen. Beginn wird um 14.01&hellip;<\/p><p class=\"wp-block-post-excerpt__more-text\"><a class=\"wp-block-post-excerpt__more-link\" href=\"https:\/\/tv-treffelhausen.de\/?p=573\">weiterlesen<\/a><\/p><\/div>\n\n\n<div style=\"height:30px\" aria-hidden=\"true\" class=\"wp-block-spacer\"><\/div>\n\n<\/li><li class=\"wp-block-post post-203 post type-post status-publish format-standard hentry category-clubhaus category-veranstaltungen\">\n<h2 class=\"wp-block-post-title\"><a href=\"https:\/\/tv-treffelhausen.de\/?p=203\" target=\"_self\" >R\u00fcckblick: Dreik\u00f6nigs &#8211; Preisbinokel am 05.01.2026<\/a><\/h2>\n\n<div class=\"wp-block-post-excerpt\"><p class=\"wp-block-post-excerpt__excerpt\">Wie in den letzten Jahren fand auch dieses Mal unser Dreik\u00f6nigs-Binokel im Clubhaus des TVT statt.<\/p><p class=\"wp-block-post-excerpt__more-text\"><a class=\"wp-block-post-excerpt__more-link\" href=\"https:\/\/tv-treffelhausen.de\/?p=203\">weiterlesen<\/a><\/p><\/div>\n\n\n<div style=\"height:30px\" aria-hidden=\"true\" class=\"wp-block-spacer\"><\/div>\n\n<\/li><li class=\"wp-block-post post-222 post type-post status-publish format-standard hentry category-roggentalhalle category-veranstaltungen\">\n<h2 class=\"wp-block-post-title\"><a href=\"https:\/\/tv-treffelhausen.de\/?p=222\" target=\"_self\" >TVT Weihnachtsfeier 13.12.2025<\/a><\/h2>\n\n<div class=\"wp-block-post-excerpt\"><p class=\"wp-block-post-excerpt__excerpt\">Feuerzauber, Lichterglanz, Leckereien \u2013 entsprechend dem Motto war auch die diesj\u00e4hrige Weihnachtsfeier des TVT.<\/p><p class=\"wp-block-post-excerpt__more-text\"><a class=\"wp-block-post-excerpt__more-link\" href=\"https:\/\/tv-treffelhausen.de\/?p=222\">weiterlesen<\/a><\/p><\/div>\n\n\n<div style=\"height:30px\" aria-hidden=\"true\" class=\"wp-block-spacer\"><\/div>\n\n<\/li><\/ul><\/div>\n<\/div>\n<\/div>\n\n\n<div class=\"wp-block-archives-dropdown alignwide wp-elements-0230fea1dc7de367dc44ae5d64204b7b wp-block-archives has-text-color has-custom-blac-color has-large-font-size\"><label for=\"wp-block-archives-1\" class=\"wp-block-archives__label\">Archiv<\/label>\n\t\t<select id=\"wp-block-archives-1\" name=\"archive-dropdown\">\n\t\t<option value=\"\">Jahr ausw\u00e4hlen<\/option>\t<option value='https:\/\/tv-treffelhausen.de\/?m=2026'> 2026 <\/option>\n\t<option value='https:\/\/tv-treffelhausen.de\/?m=2025'> 2025 <\/option>\n<\/select><script>\n( ( [ dropdownId, homeUrl ] ) => {\n\t\tconst dropdown = document.getElementById( dropdownId );\n\t\tfunction onSelectChange() {\n\t\t\tsetTimeout( () => {\n\t\t\t\tif ( 'escape' === dropdown.dataset.lastkey ) {\n\t\t\t\t\treturn;\n\t\t\t\t}\n\t\t\t\tif ( dropdown.value ) {\n\t\t\t\t\tlocation.href = dropdown.value;\n\t\t\t\t}\n\t\t\t}, 250 );\n\t\t}\n\t\tfunction onKeyUp( event ) {\n\t\t\tif ( 'Escape' === event.key ) {\n\t\t\t\tdropdown.dataset.lastkey = 'escape';\n\t\t\t} else {\n\t\t\t\tdelete dropdown.dataset.lastkey;\n\t\t\t}\n\t\t}\n\t\tfunction onClick() {\n\t\t\tdelete dropdown.dataset.lastkey;\n\t\t}\n\t\tdropdown.addEventListener( 'keyup', onKeyUp );\n\t\tdropdown.addEventListener( 'click', onClick );\n\t\tdropdown.addEventListener( 'change', onSelectChange );\n\t} )( [\"wp-block-archives-1\",\"https:\/\/tv-treffelhausen.de\"] );\n\/\/# sourceURL=block_core_archives_build_dropdown_script\n<\/script>\n<\/div>\n\n\n<div style=\"height:50px\" aria-hidden=\"true\" class=\"wp-block-spacer\"><\/div>\n","protected":false},"excerpt":{"rendered":"<p>Hier findet ihr alle wichtigen Informationen, Berichte und Einblicke rund um den TVT \u2013 von vergangenen Veranstaltungen \u00fcber aktuelle Entwicklungen bis hin zu besonderen Projekten.<\/p>\n","protected":false},"author":1,"featured_media":0,"parent":0,"menu_order":0,"comment_status":"closed","ping_status":"closed","template":"","meta":{"footnotes":""},"class_list":["post-197","page","type-page","status-publish","hentry"],"_links":{"self":[{"href":"https:\/\/tv-treffelhausen.de\/index.php?rest_route=\/wp\/v2\/pages\/197","targetHints":{"allow":["GET"]}}],"collection":[{"href":"https:\/\/tv-treffelhausen.de\/index.php?rest_route=\/wp\/v2\/pages"}],"about":[{"href":"https:\/\/tv-treffelhausen.de\/index.php?rest_route=\/wp\/v2\/types\/page"}],"author":[{"embeddable":true,"href":"https:\/\/tv-treffelhausen.de\/index.php?rest_route=\/wp\/v2\/users\/1"}],"replies":[{"embeddable":true,"href":"https:\/\/tv-treffelhausen.de\/index.php?rest_route=%2Fwp%2Fv2%2Fcomments&post=197"}],"version-history":[{"count":21,"href":"https:\/\/tv-treffelhausen.de\/index.php?rest_route=\/wp\/v2\/pages\/197\/revisions"}],"predecessor-version":[{"id":920,"href":"https:\/\/tv-treffelhausen.de\/index.php?rest_route=\/wp\/v2\/pages\/197\/revisions\/920"}],"wp:attachment":[{"href":"https:\/\/tv-treffelhausen.de\/index.php?rest_route=%2Fwp%2Fv2%2Fmedia&parent=197"}],"curies":[{"name":"wp","href":"https:\/\/api.w.org\/{rel}","templated":true}]}}